{"id":1044,"date":"2022-11-13T20:28:38","date_gmt":"2022-11-13T19:28:38","guid":{"rendered":"https:\/\/oms-hussigny-godbrange.fr\/?page_id=1044"},"modified":"2024-12-09T20:24:16","modified_gmt":"2024-12-09T19:24:16","slug":"materiel-oms","status":"publish","type":"page","link":"https:\/\/oms-hussigny-godbrange.fr\/index.php\/materiel-oms\/","title":{"rendered":"Mat\u00e9riel OMS \u00e0 t\u00e9l\u00e9charger ou imprimer"},"content":{"rendered":"\n<p class=\"has-text-align-center\"><strong>Un exemplaire \u00e0 l&rsquo;accueil de la mairie + un exemplaire \u00e0 l&rsquo;OMS<\/strong><\/p>\n\n\n\n<figure class=\"wp-block-gallery has-nested-images columns-default is-cropped wp-block-gallery-1 is-layout-flex wp-block-gallery-is-layout-flex\">\n<figure class=\"wp-block-image size-large\"><img decoding=\"async\" data-id=\"1320\" src=\"https:\/\/oms-hussigny-godbrange.fr\/wp-content\/uploads\/2024\/12\/Materiel-2.pdf\" alt=\"\" class=\"wp-image-1320\"\/><figcaption class=\"wp-element-caption\">Materiel OMS<\/figcaption><\/figure>\n<\/figure>\n\n\n\n<div data-wp-interactive=\"core\/file\" class=\"wp-block-file\"><object data-wp-bind--hidden=\"!state.hasPdfPreview\" hidden class=\"wp-block-file__embed\" data=\"https:\/\/oms-hussigny-godbrange.fr\/wp-content\/uploads\/2024\/12\/Materiel-5.pdf\" type=\"application\/pdf\" style=\"width:100%;height:600px\" aria-label=\"Contenu embarqu\u00e9 Materiel.\"><\/object><a id=\"wp-block-file--media-d513a1ee-0138-45e5-abf2-7b3ecb4d9948\" href=\"https:\/\/oms-hussigny-godbrange.fr\/wp-content\/uploads\/2024\/12\/Materiel-5.pdf\">Materiel<\/a><a href=\"https:\/\/oms-hussigny-godbrange.fr\/wp-content\/uploads\/2024\/12\/Materiel-5.pdf\" class=\"wp-block-file__button wp-element-button\" download aria-describedby=\"wp-block-file--media-d513a1ee-0138-45e5-abf2-7b3ecb4d9948\">T\u00e9l\u00e9charger<\/a><\/div>\n","protected":false},"excerpt":{"rendered":"<p>Un exemplaire \u00e0 l&rsquo;accueil de la mairie + un exemplaire \u00e0 l&rsquo;OMS<\/p>\n","protected":false},"author":1,"featured_media":0,"parent":0,"menu_order":0,"comment_status":"closed","ping_status":"closed","template":"","meta":{"footnotes":""},"class_list":["post-1044","page","type-page","status-publish","hentry"],"_links":{"self":[{"href":"https:\/\/oms-hussigny-godbrange.fr\/index.php\/wp-json\/wp\/v2\/pages\/1044","targetHints":{"allow":["GET"]}}],"collection":[{"href":"https:\/\/oms-hussigny-godbrange.fr\/index.php\/wp-json\/wp\/v2\/pages"}],"about":[{"href":"https:\/\/oms-hussigny-godbrange.fr\/index.php\/wp-json\/wp\/v2\/types\/page"}],"author":[{"embeddable":true,"href":"https:\/\/oms-hussigny-godbrange.fr\/index.php\/wp-json\/wp\/v2\/users\/1"}],"replies":[{"embeddable":true,"href":"https:\/\/oms-hussigny-godbrange.fr\/index.php\/wp-json\/wp\/v2\/comments?post=1044"}],"version-history":[{"count":18,"href":"https:\/\/oms-hussigny-godbrange.fr\/index.php\/wp-json\/wp\/v2\/pages\/1044\/revisions"}],"predecessor-version":[{"id":1328,"href":"https:\/\/oms-hussigny-godbrange.fr\/index.php\/wp-json\/wp\/v2\/pages\/1044\/revisions\/1328"}],"wp:attachment":[{"href":"https:\/\/oms-hussigny-godbrange.fr\/index.php\/wp-json\/wp\/v2\/media?parent=1044"}],"curies":[{"name":"wp","href":"https:\/\/api.w.org\/{rel}","templated":true}]}}