{"id":2,"date":"2019-06-11T23:56:32","date_gmt":"2019-06-11T21:56:32","guid":{"rendered":"http:\/\/oms-hussigny-godbrange.fr\/?page_id=2"},"modified":"2025-06-18T18:17:40","modified_gmt":"2025-06-18T16:17:40","slug":"contacts","status":"publish","type":"page","link":"https:\/\/oms-hussigny-godbrange.fr\/index.php\/contacts\/","title":{"rendered":"Contacts \/ mentions l\u00e9gales"},"content":{"rendered":"\n<p><strong>Pr\u00e9sident : <\/strong>\u00a0Florent Leclerc<br><br> Vice pr\u00e9sident: Serge Siquier<br> Tr\u00e9sori\u00e8re: H\u00e9l\u00e8ne Bellanger<br> Secr\u00e9taire: Yannick Deville<\/p>\n\n\n\n<p><strong>Principales Activit\u00e9s<\/strong><br> Marches promenades<br> Semi Marathon : 1er dimanche de novembre<br> Location de mat\u00e9riel (Imprim\u00e9 en Mairie)<br><br> Site internet : <a rel=\"noreferrer noopener\" href=\"http:\/\/www.oms-hussigny-godbrange.fr\/\" target=\"_blank\">https:\/\/www.oms-hussigny-godbrange.fr\/<\/a><br> Email:&nbsp;<a rel=\"noreferrer noopener\" href=\"mailto:omshg54@gmail.com\" target=\"_blank\">omshg54@gmail.com<\/a><\/p>\n\n\n\n<p><strong>H\u00e9bergement<\/strong> <br>OVH <br>RCS Roubaix \u2013 Tourcoing 424 761 419 00045 <br>Code APE 6202A <br>Si\u00e8ge social : 2 rue Kellermann &#8211; 59100 Roubaix &#8211; France<\/p>\n\n\n\n<p><strong>Copyright :<\/strong><\/p>\n\n\n\n<p>L&rsquo;utilisation\nde ce site exprime votre consentement sur les conditions d&rsquo;utilisation. Si vous\nn&rsquo;acceptez pas ces conditions, veuillez vous abstenir d&rsquo;utiliser ce site. Le\ncontenu de ce site (notamment donn\u00e9es, informations, illustrations, etc. &#8230;)\nest prot\u00e9g\u00e9 par droit d&rsquo;auteur et autres droits de propri\u00e9t\u00e9 intellectuelle.\nToute reproduction ou repr\u00e9sentation totale ou partielle de ce site par quelque\nproc\u00e9d\u00e9 que ce soit, sans autorisation expresse, est interdite et constituerait\nune contrefa\u00e7on sanctionn\u00e9e par les articles L.335-2 et suivants du Code de la\npropri\u00e9t\u00e9 intellectuelle.<\/p>\n\n\n\n<p>Toute\nreproduction totale ou partielle des logos, images, scripts, code HTML, balises\nmeta effectu\u00e9e \u00e0 partir des \u00e9l\u00e9ments du site sans notre autorisation expresse\nest prohib\u00e9e au sens de l&rsquo;article L.713-2 du Code de la propri\u00e9t\u00e9\nintellectuelle.<\/p>\n\n\n\n<p>Toute\ncopie, reproduction, diffusion, int\u00e9grale ou partielle, du contenu du site par\nquelque proc\u00e9d\u00e9 que ce soit est illicite \u00e0 l&rsquo;exception d&rsquo;une unique copie sur\nun seul ordinateur et r\u00e9serv\u00e9e \u00e0 l&rsquo;usage exclusivement priv\u00e9 du copiste.<\/p>\n\n\n\n<p>Les\n\u00e9l\u00e9ments pr\u00e9sent\u00e9s dans ce site sont susceptibles de modification sans pr\u00e9avis\net sont mis \u00e0 disposition sans aucune garantie, expresse ou implicite, d&rsquo;aucune\nsorte et ne peuvent donner lieu \u00e0 un quelconque droit \u00e0 d\u00e9dommagement.<\/p>\n\n\n\n<p>Il\nappartient \u00e0 l&rsquo;utilisateur de ce site de prendre toutes les mesures appropri\u00e9es\nde fa\u00e7on \u00e0 prot\u00e9ger ses propres donn\u00e9es et\/ou logiciels de la contamination par\ndes \u00e9ventuels virus circulant sur le r\u00e9seau Internet.<\/p>\n","protected":false},"excerpt":{"rendered":"<p>Pr\u00e9sident : \u00a0Florent Leclerc Vice pr\u00e9sident: Serge Siquier Tr\u00e9sori\u00e8re: H\u00e9l\u00e8ne Bellanger Secr\u00e9taire: Yannick Deville Principales Activit\u00e9s Marches promenades Semi Marathon : 1er dimanche de novembre Location de mat\u00e9riel (Imprim\u00e9 en Mairie) Site internet : https:\/\/www.oms-hussigny-godbrange.fr\/ Email:&nbsp;omshg54@gmail.com H\u00e9bergement OVH RCS Roubaix \u2013 Tourcoing 424 761 419 00045 Code APE 6202A Si\u00e8ge social : 2 rue Kellermann &hellip; <a href=\"https:\/\/oms-hussigny-godbrange.fr\/index.php\/contacts\/\" class=\"more-link\">Continuer la lecture<span class=\"screen-reader-text\"> de &laquo;&nbsp;Contacts \/ mentions l\u00e9gales&nbsp;&raquo;<\/span><\/a><\/p>\n","protected":false},"author":1,"featured_media":0,"parent":0,"menu_order":0,"comment_status":"closed","ping_status":"closed","template":"","meta":{"footnotes":""},"class_list":["post-2","page","type-page","status-publish","hentry"],"_links":{"self":[{"href":"https:\/\/oms-hussigny-godbrange.fr\/index.php\/wp-json\/wp\/v2\/pages\/2","targetHints":{"allow":["GET"]}}],"collection":[{"href":"https:\/\/oms-hussigny-godbrange.fr\/index.php\/wp-json\/wp\/v2\/pages"}],"about":[{"href":"https:\/\/oms-hussigny-godbrange.fr\/index.php\/wp-json\/wp\/v2\/types\/page"}],"author":[{"embeddable":true,"href":"https:\/\/oms-hussigny-godbrange.fr\/index.php\/wp-json\/wp\/v2\/users\/1"}],"replies":[{"embeddable":true,"href":"https:\/\/oms-hussigny-godbrange.fr\/index.php\/wp-json\/wp\/v2\/comments?post=2"}],"version-history":[{"count":10,"href":"https:\/\/oms-hussigny-godbrange.fr\/index.php\/wp-json\/wp\/v2\/pages\/2\/revisions"}],"predecessor-version":[{"id":1338,"href":"https:\/\/oms-hussigny-godbrange.fr\/index.php\/wp-json\/wp\/v2\/pages\/2\/revisions\/1338"}],"wp:attachment":[{"href":"https:\/\/oms-hussigny-godbrange.fr\/index.php\/wp-json\/wp\/v2\/media?parent=2"}],"curies":[{"name":"wp","href":"https:\/\/api.w.org\/{rel}","templated":true}]}}