{"id":35,"date":"2019-06-12T01:22:14","date_gmt":"2019-06-11T23:22:14","guid":{"rendered":"http:\/\/oms-hussigny-godbrange.fr\/?page_id=35"},"modified":"2024-10-06T20:47:49","modified_gmt":"2024-10-06T18:47:49","slug":"semi-marathon","status":"publish","type":"page","link":"https:\/\/oms-hussigny-godbrange.fr\/index.php\/semi-marathon\/","title":{"rendered":"Course Marcel Kiefer"},"content":{"rendered":"\n<p>C\u2019est le 6 novembre 1983 que fut organis\u00e9e la\npremi\u00e8re course p\u00e9destre sur route dans notre localit\u00e9 gr\u00e2ce \u00e0 Claude M\u00e9m\u00e9, sur\nune distance de 26 km, puis le premier 52 km en Lorraine en pr\u00e9paration\ndes 100 km de Millau.<\/p>\n\n\n\n<p>L\u2019\u00e9quipe des organisateurs\ns\u2019est \u00e9toff\u00e9e et les coureurs sont venus de plus en plus nombreux \u00e0 chacune des\nnouvelles \u00e9ditions. C\u2019est en 1987 que le d\u00e9part du premier semi-marathon a \u00e9t\u00e9\ndonn\u00e9 avec une deuxi\u00e8me distance de 13 km d\u00e8s 1995. <\/p>\n\n\n\n<p>L\u2019ann\u00e9e 2010 s\u2019est agr\u00e9ment\u00e9e\nde nouveaux parcours, plus campagnards et forestiers sur 21, 13 et 6 km. Puis\ncette \u00e9preuve a port\u00e9 le nom de \u00ab&nbsp;Marcel Kiefer&nbsp;\u00bb, en souvenir de\nnotre ami, membre actif au sein de l\u2019OMS depuis sa cr\u00e9ation.<\/p>\n\n\n\n<p>Nos partenaires, commer\u00e7ants, artisans et entrepreneurs nous permettent d\u2019offrir \u00e0 chaque participant un sachet de produits locaux ainsi que des lots de tombola (num\u00e9ro de dossard), des troph\u00e9es et coupes pour les premiers de chaque cat\u00e9gorie. <\/p>\n\n\n\n<p>La course des enfants des \u00e9coles Jean de La Fontaine et Jacques Pr\u00e9vert de Hussigny-Godbrange, encadr\u00e9s par des parents, des membres de l\u2019USEP et de l\u2019association \u00ab&nbsp;La Cigale et la Fourmi&nbsp;\u00bb, prennent le d\u00e9part sur le site du carreau de la mine et sont r\u00e9compens\u00e9s de leurs efforts par des m\u00e9dailles et des coupes.<\/p>\n\n\n\n<p>Apr\u00e8s le tirage de lots de tombola, la remise officielle des coupes aux vainqueurs et le vin d\u2019honneur offert par la municipalit\u00e9, la journ\u00e9e se termine par le repas traditionnel des b\u00e9n\u00e9voles. &nbsp;<\/p>\n\n\n\n<p>Un grand merci \u00e0 toutes et \u00e0 tous, \u00e0 nos partenaires et sponsors (vous les retrouverez sur notre site)<\/p>\n\n\n\n<p>Prochaine \u00e9dition&nbsp;: dimanche 6 novembre 2022<\/p>\n\n\n\n<p>Retrouvez toutes les informations dans les sous pages :<\/p>\n\n\n\n<div class=\"wp-block-button is-style-outline is-style-outline--1\"><a class=\"wp-block-button__link wp-element-button\" href=\"https:\/\/oms-hussigny-godbrange.fr\/index.php\/semi-marathon\/reglement-et-organisation\/\">R\u00e8glement et organisation<br><\/a><\/div>\n\n\n\n<div class=\"wp-block-button is-style-outline is-style-outline--2\"><a class=\"wp-block-button__link wp-element-button\" href=\"https:\/\/oms-hussigny-godbrange.fr\/index.php\/semi-marathon\/course-des-enfants\/\">Course des enfants<br><\/a><\/div>\n\n\n\n<div class=\"wp-block-button is-style-outline is-style-outline--3\"><a class=\"wp-block-button__link wp-element-button\" href=\"https:\/\/oms-hussigny-godbrange.fr\/index.php\/semi-marathon\/parcours-6-km\/\">Parcours 6km<br><\/a><\/div>\n\n\n\n<div class=\"wp-block-button is-style-outline is-style-outline--4\"><a class=\"wp-block-button__link wp-element-button\" href=\"https:\/\/oms-hussigny-godbrange.fr\/index.php\/semi-marathon\/parcours-13km\/\">parcours 13km<br><\/a><\/div>\n\n\n\n<div class=\"wp-block-button is-style-outline is-style-outline--5\"><a class=\"wp-block-button__link wp-element-button\" href=\"https:\/\/oms-hussigny-godbrange.fr\/index.php\/semi-marathon\/parcours-21km\/\">parcours 21km<br><\/a><\/div>\n\n\n\n<figure class=\"wp-block-embed is-type-video is-provider-youtube wp-block-embed-youtube\"><div class=\"wp-block-embed__wrapper\">\nhttps:\/\/www.youtube.com\/watch?v=zO08TLxVex8\n<\/div><figcaption class=\"wp-element-caption\">Exemple de la course du 13km de novembre 2016<\/figcaption><\/figure>\n","protected":false},"excerpt":{"rendered":"<p>C\u2019est le 6 novembre 1983 que fut organis\u00e9e la premi\u00e8re course p\u00e9destre sur route dans notre localit\u00e9 gr\u00e2ce \u00e0 Claude M\u00e9m\u00e9, sur une distance de 26 km, puis le premier 52 km en Lorraine en pr\u00e9paration des 100 km de Millau. L\u2019\u00e9quipe des organisateurs s\u2019est \u00e9toff\u00e9e et les coureurs sont venus de plus en plus &hellip; <a href=\"https:\/\/oms-hussigny-godbrange.fr\/index.php\/semi-marathon\/\" class=\"more-link\">Continuer la lecture<span class=\"screen-reader-text\"> de &laquo;&nbsp;Course Marcel Kiefer&nbsp;&raquo;<\/span><\/a><\/p>\n","protected":false},"author":1,"featured_media":0,"parent":0,"menu_order":0,"comment_status":"closed","ping_status":"closed","template":"","meta":{"footnotes":""},"class_list":["post-35","page","type-page","status-publish","hentry"],"_links":{"self":[{"href":"https:\/\/oms-hussigny-godbrange.fr\/index.php\/wp-json\/wp\/v2\/pages\/35","targetHints":{"allow":["GET"]}}],"collection":[{"href":"https:\/\/oms-hussigny-godbrange.fr\/index.php\/wp-json\/wp\/v2\/pages"}],"about":[{"href":"https:\/\/oms-hussigny-godbrange.fr\/index.php\/wp-json\/wp\/v2\/types\/page"}],"author":[{"embeddable":true,"href":"https:\/\/oms-hussigny-godbrange.fr\/index.php\/wp-json\/wp\/v2\/users\/1"}],"replies":[{"embeddable":true,"href":"https:\/\/oms-hussigny-godbrange.fr\/index.php\/wp-json\/wp\/v2\/comments?post=35"}],"version-history":[{"count":17,"href":"https:\/\/oms-hussigny-godbrange.fr\/index.php\/wp-json\/wp\/v2\/pages\/35\/revisions"}],"predecessor-version":[{"id":1295,"href":"https:\/\/oms-hussigny-godbrange.fr\/index.php\/wp-json\/wp\/v2\/pages\/35\/revisions\/1295"}],"wp:attachment":[{"href":"https:\/\/oms-hussigny-godbrange.fr\/index.php\/wp-json\/wp\/v2\/media?parent=35"}],"curies":[{"name":"wp","href":"https:\/\/api.w.org\/{rel}","templated":true}]}}