{"id":379,"date":"2019-11-04T22:30:04","date_gmt":"2019-11-04T21:30:04","guid":{"rendered":"https:\/\/oms-hussigny-godbrange.fr\/?page_id=379"},"modified":"2022-11-11T22:50:53","modified_gmt":"2022-11-11T21:50:53","slug":"37eme-edition-en-2019","status":"publish","type":"page","link":"https:\/\/oms-hussigny-godbrange.fr\/index.php\/semi-marathon\/37eme-edition-en-2019\/","title":{"rendered":"37\u00e8me \u00e9dition &#8211; 2019"},"content":{"rendered":"\n<p><strong><em>37<sup>\u00e8me<\/sup>\n\u00e9dition&nbsp;: une course qui fait la fiert\u00e9 de l\u2019Office Municipal des Sports \u00e0\nHussigny-Godbrange.<\/em><\/strong><\/p>\n\n\n\n<p>C\u2019est le 6 novembre 1983 que fut organis\u00e9e la\npremi\u00e8re course p\u00e9destre sur route dans notre localit\u00e9 gr\u00e2ce \u00e0 Claude M\u00e9m\u00e9, sur\nune distance de 26 km, puis le premier 52 km en Lorraine en pr\u00e9paration\ndes 100 km de Millau.<\/p>\n\n\n\n<p>L\u2019\u00e9quipe des organisateurs\ns\u2019est \u00e9toff\u00e9e et les coureurs sont venus de plus en plus nombreux \u00e0 chacune des\nnouvelles \u00e9ditions. C\u2019est en 1987 que le d\u00e9part du premier semi-marathon a \u00e9t\u00e9\ndonn\u00e9 avec une deuxi\u00e8me distance de 13 km d\u00e8s 1995. <\/p>\n\n\n\n<p>L\u2019ann\u00e9e 2010 s\u2019est agr\u00e9ment\u00e9e\nde nouveaux parcours, plus campagnards et forestiers sur 21, 13 et 6 km. Puis\ncette \u00e9preuve a port\u00e9 le nom de \u00ab&nbsp;Marcel Kiefer&nbsp;\u00bb, en souvenir de\nnotre ami, membre actif au sein de l\u2019OMS depuis sa cr\u00e9ation.<\/p>\n\n\n\n<p>Malgr\u00e9 une m\u00e9t\u00e9o peu cl\u00e9mente,\n242 coureurs ont particip\u00e9 ce dimanche 3 novembre, avec l\u2019aide de 82 b\u00e9n\u00e9voles\nqui ont assur\u00e9 la r\u00e9ussite de cette 37<sup>\u00e8me<\/sup> \u00e9dition. Nos partenaires,\ncommer\u00e7ants, artisans et entrepreneurs nous ont permis d\u2019offrir \u00e0 chaque\nparticipant un sachet de produits locaux ainsi qu\u2019une gourde repliable, des\ntickets boisson et sandwich, des lots de tombola, des troph\u00e9es et coupes pour les\npremiers de chaque cat\u00e9gorie. <\/p>\n\n\n\n<p>Une soixantaine d\u2019enfants des\n\u00e9coles Jean de La Fontaine et Jacques Pr\u00e9vert, encadr\u00e9s par des parents, des\nmembres de l\u2019USEP et de l\u2019association \u00ab&nbsp;La Cigale et la Fourmi&nbsp;\u00bb, ont\npris le d\u00e9part sur le site du carreau de la mine et ont \u00e9t\u00e9 r\u00e9compens\u00e9s de\nleurs efforts par des m\u00e9dailles et des coupes.<\/p>\n\n\n\n<p>Apr\u00e8s le tirage exceptionnel\nde quatre gros lots de tombola, la remise officielle des coupes aux vainqueurs\net le vin d\u2019honneur offert par la municipalit\u00e9, la journ\u00e9e s\u2019est termin\u00e9e par\nle repas traditionnel des b\u00e9n\u00e9voles. &nbsp;<\/p>\n\n\n\n<p>Un grand merci \u00e0 toutes et \u00e0\ntous, \u00e0 nos partenaires et sponsors (vous les retrouverez sur le site de\nl\u2019OMS&nbsp;:<\/p>\n\n\n\n<p>oms-hussigny-godbrange.fr) et\n\u00e0 la Maison des Savoir-Faire de Cons-la-Grandville pour la r\u00e9alisation des\ntroph\u00e9es en bois.<\/p>\n\n\n\n<p>R\u00e9sultats&nbsp;:<\/p>\n\n\n\n<p>21 km&nbsp;:&nbsp; Alexandre Marsaud&nbsp;&nbsp;&nbsp; 1h26\u201942\u2019\u2019<\/p>\n\n\n\n<p>&nbsp;&nbsp;&nbsp;&nbsp;&nbsp;&nbsp;&nbsp;&nbsp;&nbsp;&nbsp;&nbsp;&nbsp;&nbsp;&nbsp;&nbsp; Nathalie Sibenaler&nbsp;&nbsp;&nbsp;&nbsp;&nbsp; 1h50\u201904\u2019\u2019<\/p>\n\n\n\n<p>13 km&nbsp;:&nbsp;&nbsp;\nBeno\u00eet Marcolini&nbsp;&nbsp;&nbsp;&nbsp;&nbsp;&nbsp;&nbsp;&nbsp;&nbsp;&nbsp;&nbsp; &nbsp;50\u201902\u2019\u2019<\/p>\n\n\n\n<p>&nbsp;&nbsp;&nbsp;&nbsp;&nbsp;&nbsp;&nbsp;&nbsp;&nbsp;&nbsp;&nbsp;&nbsp;&nbsp;&nbsp;&nbsp;&nbsp;\nFanny Lebresnes&nbsp;&nbsp;&nbsp;&nbsp;&nbsp;&nbsp;&nbsp; 1h06\u201927\u2019\u2019<\/p>\n\n\n\n<p>&nbsp; 6 km\n:&nbsp;&nbsp;&nbsp; Marc Dal Molin&nbsp;&nbsp;&nbsp;&nbsp;&nbsp;&nbsp;&nbsp;&nbsp;&nbsp;&nbsp;&nbsp;&nbsp;&nbsp;&nbsp; 21\u201906\u2019\u2019<\/p>\n\n\n\n<p>&nbsp;&nbsp;&nbsp;&nbsp;&nbsp;&nbsp;&nbsp;&nbsp;&nbsp;&nbsp;&nbsp;&nbsp;&nbsp;&nbsp;&nbsp;&nbsp;\nHeyne Espinoza&nbsp;&nbsp;&nbsp;&nbsp;&nbsp;&nbsp;&nbsp;&nbsp;&nbsp;&nbsp;&nbsp;&nbsp;&nbsp;\n28\u201937\u2019\u2019<\/p>\n\n\n\n<p>Reportage photos sur le site de l\u2019OMS. R\u00e9sultats complets sur le site du\nchronom\u00e9treur gotiming.fr<\/p>\n\n\n\n<p>Prochaine \u00e9dition&nbsp;: dimanche 1<sup>er<\/sup> novembre 2020<\/p>\n\n\n\n<figure class=\"wp-block-image is-resized\"><img loading=\"lazy\" decoding=\"async\" src=\"https:\/\/oms-hussigny-godbrange.fr\/wp-content\/uploads\/2019\/09\/AFFICHE2019.jpg\" alt=\"\" class=\"wp-image-295\" width=\"325\" height=\"459\"\/><\/figure>\n\n\n\n<p><a href=\"https:\/\/oms-hussigny-godbrange.fr\/index.php\/category\/resultats-courses\/2019\/\">R\u00e9sultats courses Marcel Kiefer 2019<\/a><\/p>\n\n\n\n<p>Ou sur le site de notre chronom\u00e9treur officiel:<\/p>\n\n\n\n<p><a href=\"https:\/\/gotiming.fr\/resultats\/marcelkieffer-2019\" target=\"_blank\" rel=\"noreferrer noopener\">Gotiming<\/a><\/p>\n\n\n\n<p>Retrouvez toutes les photos :<\/p>\n\n\n\n<div class=\"wp-block-button is-style-outline is-style-outline--1\"><a class=\"wp-block-button__link wp-element-button\" href=\"https:\/\/photos.app.goo.gl\/KtncVGgNnrz6FJGRA\">Course Marcel Kiefer 2019<\/a><\/div>\n\n\n\n<div class=\"wp-block-button is-style-outline is-style-outline--2\"><a class=\"wp-block-button__link wp-element-button\" href=\"https:\/\/photos.app.goo.gl\/hQvuuhkBpLMHCGT6A\">Course Marcel Kiefer 2019 Photobox<br><\/a><\/div>\n\n\n\n<p><\/p>\n","protected":false},"excerpt":{"rendered":"<p>37\u00e8me \u00e9dition&nbsp;: une course qui fait la fiert\u00e9 de l\u2019Office Municipal des Sports \u00e0 Hussigny-Godbrange. C\u2019est le 6 novembre 1983 que fut organis\u00e9e la premi\u00e8re course p\u00e9destre sur route dans notre localit\u00e9 gr\u00e2ce \u00e0 Claude M\u00e9m\u00e9, sur une distance de 26 km, puis le premier 52 km en Lorraine en pr\u00e9paration des 100 km de &hellip; <a href=\"https:\/\/oms-hussigny-godbrange.fr\/index.php\/semi-marathon\/37eme-edition-en-2019\/\" class=\"more-link\">Continuer la lecture<span class=\"screen-reader-text\"> de &laquo;&nbsp;37\u00e8me \u00e9dition &#8211; 2019&nbsp;&raquo;<\/span><\/a><\/p>\n","protected":false},"author":1,"featured_media":0,"parent":35,"menu_order":0,"comment_status":"closed","ping_status":"closed","template":"","meta":{"footnotes":""},"class_list":["post-379","page","type-page","status-publish","hentry"],"_links":{"self":[{"href":"https:\/\/oms-hussigny-godbrange.fr\/index.php\/wp-json\/wp\/v2\/pages\/379","targetHints":{"allow":["GET"]}}],"collection":[{"href":"https:\/\/oms-hussigny-godbrange.fr\/index.php\/wp-json\/wp\/v2\/pages"}],"about":[{"href":"https:\/\/oms-hussigny-godbrange.fr\/index.php\/wp-json\/wp\/v2\/types\/page"}],"author":[{"embeddable":true,"href":"https:\/\/oms-hussigny-godbrange.fr\/index.php\/wp-json\/wp\/v2\/users\/1"}],"replies":[{"embeddable":true,"href":"https:\/\/oms-hussigny-godbrange.fr\/index.php\/wp-json\/wp\/v2\/comments?post=379"}],"version-history":[{"count":11,"href":"https:\/\/oms-hussigny-godbrange.fr\/index.php\/wp-json\/wp\/v2\/pages\/379\/revisions"}],"predecessor-version":[{"id":1189,"href":"https:\/\/oms-hussigny-godbrange.fr\/index.php\/wp-json\/wp\/v2\/pages\/379\/revisions\/1189"}],"up":[{"embeddable":true,"href":"https:\/\/oms-hussigny-godbrange.fr\/index.php\/wp-json\/wp\/v2\/pages\/35"}],"wp:attachment":[{"href":"https:\/\/oms-hussigny-godbrange.fr\/index.php\/wp-json\/wp\/v2\/media?parent=379"}],"curies":[{"name":"wp","href":"https:\/\/api.w.org\/{rel}","templated":true}]}}