{"id":56,"date":"2019-06-12T01:54:53","date_gmt":"2019-06-11T23:54:53","guid":{"rendered":"http:\/\/oms-hussigny-godbrange.fr\/?page_id=56"},"modified":"2024-08-14T16:32:37","modified_gmt":"2024-08-14T14:32:37","slug":"liens","status":"publish","type":"page","link":"https:\/\/oms-hussigny-godbrange.fr\/index.php\/liens\/","title":{"rendered":"Liens"},"content":{"rendered":"\n<h2 class=\"wp-block-heading\">Maire de Hussigny-Godbrange:<\/h2>\n\n\n\n<figure class=\"wp-block-image\"><img decoding=\"async\" src=\"http:\/\/oms-hussigny-godbrange.fr\/wp-content\/uploads\/2019\/06\/hussigny-godbrange.png\" alt=\"Mairie de Hussigny-Godbrange\" class=\"wp-image-20\"\/><\/figure>\n\n\n\n<p>Site internet : <a aria-label=\" (s\u2019ouvre dans un nouvel onglet)\" href=\"https:\/\/www.mairiehussignygodbrange.fr\/index.php\" target=\"_blank\" rel=\"noreferrer noopener\">https:\/\/www.mairiehussignygodbrange.fr\/index.php<\/a><\/p>\n\n\n\n<h2 class=\"wp-block-heading\"> Amicale de danse Hussigny-Godbrange:<\/h2>\n\n\n\n<figure class=\"wp-block-image is-resized\"><img loading=\"lazy\" decoding=\"async\" width=\"509\" height=\"101\" src=\"https:\/\/oms-hussigny-godbrange.fr\/wp-content\/uploads\/2019\/06\/Logo_amicale_danse.jpg\" alt=\"\" class=\"wp-image-126\" style=\"width:382px;height:76px\" srcset=\"https:\/\/oms-hussigny-godbrange.fr\/wp-content\/uploads\/2019\/06\/Logo_amicale_danse.jpg 509w, https:\/\/oms-hussigny-godbrange.fr\/wp-content\/uploads\/2019\/06\/Logo_amicale_danse-300x60.jpg 300w\" sizes=\"auto, (max-width: 509px) 85vw, 509px\" \/><\/figure>\n\n\n\n<p>Pour plus amples renseignements, vous pouvez t\u00e9l\u00e9phoner au 06.30.05.41.35 ou 06.15.42.44.12<\/p>\n\n\n\n<p>Site internet : https:\/\/www.amicaledansehussigny.fr<\/p>\n\n\n\n<h2 class=\"wp-block-heading\">Aurore Basket<\/h2>\n\n\n\n<p>Pr\u00e9sident: STEPHANELLI Jean-Pierre<\/p>\n\n\n\n<p>T\u00e9l: 00352 621 22 49 10<\/p>\n\n\n\n<p>Facebook : <a aria-label=\" (s\u2019ouvre dans un nouvel onglet)\" href=\"https:\/\/www.facebook.com\/AAuroreBasketHussigy\" target=\"_blank\" rel=\"noreferrer noopener\">https:\/\/www.facebook.com\/AAuroreBasketHussigy<\/a><\/p>\n\n\n\n<p>email : secretariat@aurore-basket-hussigny.fr<\/p>\n\n\n\n<p><\/p>\n\n\n<div class=\"wp-block-image\">\n<figure class=\"alignleft size-large\"><img loading=\"lazy\" decoding=\"async\" width=\"138\" height=\"217\" src=\"https:\/\/oms-hussigny-godbrange.fr\/wp-content\/uploads\/2020\/10\/basket-1.jpg\" alt=\"\" class=\"wp-image-851\"\/><\/figure>\n<\/div>\n\n\n<h2 class=\"wp-block-heading\">CAPHG Hussigny-Godbrange:<\/h2>\n\n\n\n<figure class=\"wp-block-image is-resized\"><img loading=\"lazy\" decoding=\"async\" width=\"500\" height=\"400\" src=\"https:\/\/oms-hussigny-godbrange.fr\/wp-content\/uploads\/2019\/06\/Logo-CAPHG.jpg\" alt=\"\" class=\"wp-image-146\" style=\"width:125px;height:100px\" srcset=\"https:\/\/oms-hussigny-godbrange.fr\/wp-content\/uploads\/2019\/06\/Logo-CAPHG.jpg 500w, https:\/\/oms-hussigny-godbrange.fr\/wp-content\/uploads\/2019\/06\/Logo-CAPHG-300x240.jpg 300w\" sizes=\"auto, (max-width: 500px) 85vw, 500px\" \/><\/figure>\n\n\n\n<p>Site internet : <a href=\"http:\/\/www.caphg.net\">http:\/\/www.caphg.net<\/a><\/p>\n\n\n\n<h2 class=\"wp-block-heading\">Club de course \u00e0 pied (CAPHG)<\/h2>\n\n\n\n<p>PRESIDENT\/ Mr HENRY Eric: 0681451384<\/p>\n\n\n\n<p>Mail: eric.henry@caphg.net<\/p>\n\n\n\n<p> Marche tous les vendredis<br> D\u00e9part 13h45, place de l&rsquo;\u00c9glise<br> Des flyers sont disponible en mairie de Hussigny. <\/p>\n\n\n\n<p>Site internet : <a aria-label=\"http:\/\/www.mairie-de-mexy.fr\/cadre-de-vie\/associations\/115-mexy-randonnee.html (s\u2019ouvre dans un nouvel onglet)\" rel=\"noreferrer noopener\" href=\"http:\/\/www.mairie-de-mexy.fr\/cadre-de-vie\/associations\/115-mexy-randonnee.html\" target=\"_blank\">http:\/\/www.mairie-de-mexy.fr\/cadre-de-vie\/associations\/115-mexy-randonnee.html<\/a><\/p>\n\n\n\n<p><\/p>\n\n\n\n<h2 class=\"wp-block-heading\">Cercle Athl\u00e9tique de Hussigny<\/h2>\n\n\n\n<p><strong>Pr\u00e9sident : Mr <\/strong>Ludovic ODIN<br>54590 Husisgny-Godbrange<br>T\u00e9l. : 06 47 66 05 52<\/p>\n\n\n\n<p>Mail: Cahjudoclub@gmail.com<br> Complexe sportif \u2013 Rue Jean Moulin<\/p>\n\n\n\n<p><\/p>\n\n\n\n<figure class=\"wp-block-image size-large is-resized\"><img loading=\"lazy\" decoding=\"async\" width=\"169\" height=\"165\" src=\"https:\/\/oms-hussigny-godbrange.fr\/wp-content\/uploads\/2020\/10\/Judo.jpg\" alt=\"\" class=\"wp-image-839\" style=\"width:160px;height:156px\"\/><\/figure>\n\n\n\n<h2 class=\"wp-block-heading\">Club Sportif Godbrangeois C.S.G (Foot)<\/h2>\n\n\n\n<p><strong>Pr\u00e9sident : Mr Sujkowski Brice<\/strong><br>17 Rue d&rsquo;Alsace  54590 Hussigny-Godbrange<\/p>\n\n\n\n<p><strong>Secr\u00e9taire : Mr Jean-Louis COTRELLE<\/strong><br> Rue Lucie Aubrac<br>54590 Hussigny-Godbrange<br>06 71 13 76 04<\/p>\n\n\n\n<figure class=\"wp-block-image size-large is-resized\"><img loading=\"lazy\" decoding=\"async\" width=\"399\" height=\"516\" src=\"https:\/\/oms-hussigny-godbrange.fr\/wp-content\/uploads\/2020\/10\/foot.jpg\" alt=\"\" class=\"wp-image-842\" style=\"width:128px;height:166px\"\/><\/figure>\n\n\n\n<h2 class=\"wp-block-heading\">Body Form<\/h2>\n\n\n\n<p><strong>Pr\u00e9sident : Mr Marc UGOLINI<\/strong><br>20 Rue du r\u00e9servoir<br>54590 Hussigny-Godbrange<br>T\u00e9l. : 03.82.44.46.91<br>Salle de Musculation avec Espace Cardio \u2013 Salle des sports rue des Tilleuls<\/p>\n\n\n\n<p><strong>Horaires :<\/strong><br>Tous les jours de 9h00 \u00e0 22h00 (du lundi au vendredi).<br>Le samedi de 9h00 \u00e0 20h00.<br>Le dimanche de 9h00 \u00e0 <\/p>\n\n\n\n<h2 class=\"wp-block-heading\">Ring Jean-Claude Boutier<\/h2>\n\n\n\n<p><strong>Pr\u00e9sident :\u00a0Mr Alain Joniau<\/strong>x<br>Secr\u00e9taire :Eric Lecompte+33610900788<\/p>\n\n\n\n<p>Entraineur : <br>Entra\u00eenements Salle de Boxe \u2013 Salle des sports \u2013 rue des Tilleuls<\/p>\n\n\n\n<p>Mail: boxehg.rjcb@gmail.com<\/p>\n\n\n\n<figure class=\"wp-block-image size-large is-resized\"><img loading=\"lazy\" decoding=\"async\" width=\"366\" height=\"546\" src=\"https:\/\/oms-hussigny-godbrange.fr\/wp-content\/uploads\/2020\/10\/boxe.jpg\" alt=\"\" class=\"wp-image-848\" style=\"width:118px;height:176px\"\/><\/figure>\n\n\n\n<h2 class=\"wp-block-heading\">Club de P\u00e9tanque<\/h2>\n\n\n\n<p><strong>Pr\u00e9sident : Mr <\/strong>J-Claude silvestri<br>03 82 44 49 14 local P\u00e9tanque<br>54590 Hussigny-Godbrange<\/p>\n\n\n\n<p>Lieux : Espace P\u00e9tanque \u2013 ancien stade rue Pasteur<\/p>\n\n\n\n<figure class=\"wp-block-image size-large is-resized\"><img loading=\"lazy\" decoding=\"async\" width=\"683\" height=\"488\" src=\"https:\/\/oms-hussigny-godbrange.fr\/wp-content\/uploads\/2020\/10\/petanque.jpg\" alt=\"\" class=\"wp-image-843\" style=\"width:150px;height:107px\" srcset=\"https:\/\/oms-hussigny-godbrange.fr\/wp-content\/uploads\/2020\/10\/petanque.jpg 683w, https:\/\/oms-hussigny-godbrange.fr\/wp-content\/uploads\/2020\/10\/petanque-530x379.jpg 530w, https:\/\/oms-hussigny-godbrange.fr\/wp-content\/uploads\/2020\/10\/petanque-600x429.jpg 600w\" sizes=\"auto, (max-width: 683px) 85vw, 683px\" \/><\/figure>\n","protected":false},"excerpt":{"rendered":"<p>Maire de Hussigny-Godbrange: Site internet : https:\/\/www.mairiehussignygodbrange.fr\/index.php Amicale de danse Hussigny-Godbrange: Pour plus amples renseignements, vous pouvez t\u00e9l\u00e9phoner au 06.30.05.41.35 ou 06.15.42.44.12 Site internet : https:\/\/www.amicaledansehussigny.fr Aurore Basket Pr\u00e9sident: STEPHANELLI Jean-Pierre T\u00e9l: 00352 621 22 49 10 Facebook : https:\/\/www.facebook.com\/AAuroreBasketHussigy email : secretariat@aurore-basket-hussigny.fr CAPHG Hussigny-Godbrange: Site internet : http:\/\/www.caphg.net Club de course \u00e0 pied (CAPHG) &hellip; <a href=\"https:\/\/oms-hussigny-godbrange.fr\/index.php\/liens\/\" class=\"more-link\">Continuer la lecture<span class=\"screen-reader-text\"> de &laquo;&nbsp;Liens&nbsp;&raquo;<\/span><\/a><\/p>\n","protected":false},"author":1,"featured_media":0,"parent":0,"menu_order":0,"comment_status":"closed","ping_status":"closed","template":"","meta":{"footnotes":""},"class_list":["post-56","page","type-page","status-publish","hentry"],"_links":{"self":[{"href":"https:\/\/oms-hussigny-godbrange.fr\/index.php\/wp-json\/wp\/v2\/pages\/56","targetHints":{"allow":["GET"]}}],"collection":[{"href":"https:\/\/oms-hussigny-godbrange.fr\/index.php\/wp-json\/wp\/v2\/pages"}],"about":[{"href":"https:\/\/oms-hussigny-godbrange.fr\/index.php\/wp-json\/wp\/v2\/types\/page"}],"author":[{"embeddable":true,"href":"https:\/\/oms-hussigny-godbrange.fr\/index.php\/wp-json\/wp\/v2\/users\/1"}],"replies":[{"embeddable":true,"href":"https:\/\/oms-hussigny-godbrange.fr\/index.php\/wp-json\/wp\/v2\/comments?post=56"}],"version-history":[{"count":39,"href":"https:\/\/oms-hussigny-godbrange.fr\/index.php\/wp-json\/wp\/v2\/pages\/56\/revisions"}],"predecessor-version":[{"id":1260,"href":"https:\/\/oms-hussigny-godbrange.fr\/index.php\/wp-json\/wp\/v2\/pages\/56\/revisions\/1260"}],"wp:attachment":[{"href":"https:\/\/oms-hussigny-godbrange.fr\/index.php\/wp-json\/wp\/v2\/media?parent=56"}],"curies":[{"name":"wp","href":"https:\/\/api.w.org\/{rel}","templated":true}]}}