{"id":86,"date":"2019-06-20T17:54:09","date_gmt":"2019-06-20T15:54:09","guid":{"rendered":"http:\/\/oms-hussigny-godbrange.fr\/?page_id=86"},"modified":"2025-10-12T23:04:03","modified_gmt":"2025-10-12T21:04:03","slug":"acceuil","status":"publish","type":"page","link":"https:\/\/oms-hussigny-godbrange.fr\/","title":{"rendered":"Accueil"},"content":{"rendered":"\n<p><strong>Bienvenue sur le site Officiel de\nL\u2019Office Municipal des Sports de Hussigny-Godbrange<\/strong><\/p>\n\n\n\n<p>Ce site a pour but de vous informer des manifestations qui sont organis\u00e9es par l\u2019OMS et les diff\u00e9rents clubs de la localit\u00e9.  <\/p>\n\n\n\n<p>N&rsquo;h\u00e9sitez pas \u00e0 consulter notre page Facebook qui contient les \u00e9v\u00e8nements et les diff\u00e9rentes photos:<\/p>\n\n\n\n<p><a aria-label=\"Facebook (s\u2019ouvre dans un nouvel onglet)\" href=\"https:\/\/fr-fr.facebook.com\/oms.hussignygodbrange.77\" target=\"_blank\" rel=\"noreferrer noopener\">Facebook<\/a><\/p>\n\n\n\n<p><strong>La 42 \u00e8me \u00e9dition de la course Marcel Kiefer se d\u00e9roulera le 2 novembre 2025<\/strong><\/p>\n\n\n\n<p>Inscriptions : <a href=\"https:\/\/gotiming.fr\/evenement\/course-nature-marcel-kiefer\/\">https:\/\/gotiming.fr\/evenement\/course-nature-marcel-kiefer\/<\/a><\/p>\n\n\n\n<p>R\u00e9sultats des derni\u00e8res \u00e9ditions disponibles sur :  <a href=\"https:\/\/gotiming.fr\/resultats\/marcel-kieffer\" target=\"_blank\" rel=\"noreferrer noopener\">Gotiming<\/a><\/p>\n\n\n\n<p><\/p>\n\n\n\n<p>Vid\u00e9o r\u00e9trospective de la 1er \u00e0 la 39\u00e8me \u00e9dition:<\/p>\n\n\n\n<p><a href=\"https:\/\/www.youtube.com\/watch?v=Jp3JBomS2mY\">https:\/\/www.youtube.com\/watch?v=Jp3JBomS2mY<\/a><\/p>\n\n\n\n<p>Prochaine course dans :<\/p>\n\n\n\n\n\n\n\n<p><\/p>\n\n\n\n<h1 class=\"wp-block-heading\">MERCI&nbsp;A TOUS LES B\u00c9N\u00c9VOLES<\/h1>\n","protected":false},"excerpt":{"rendered":"<p>Bienvenue sur le site Officiel de L\u2019Office Municipal des Sports de Hussigny-Godbrange Ce site a pour but de vous informer des manifestations qui sont organis\u00e9es par l\u2019OMS et les diff\u00e9rents clubs de la localit\u00e9. N&rsquo;h\u00e9sitez pas \u00e0 consulter notre page Facebook qui contient les \u00e9v\u00e8nements et les diff\u00e9rentes photos: Facebook La 42 \u00e8me \u00e9dition de &hellip; <a href=\"https:\/\/oms-hussigny-godbrange.fr\/\" class=\"more-link\">Continuer la lecture<span class=\"screen-reader-text\"> de &laquo;&nbsp;Accueil&nbsp;&raquo;<\/span><\/a><\/p>\n","protected":false},"author":1,"featured_media":0,"parent":0,"menu_order":0,"comment_status":"closed","ping_status":"closed","template":"","meta":{"footnotes":""},"class_list":["post-86","page","type-page","status-publish","hentry"],"_links":{"self":[{"href":"https:\/\/oms-hussigny-godbrange.fr\/index.php\/wp-json\/wp\/v2\/pages\/86","targetHints":{"allow":["GET"]}}],"collection":[{"href":"https:\/\/oms-hussigny-godbrange.fr\/index.php\/wp-json\/wp\/v2\/pages"}],"about":[{"href":"https:\/\/oms-hussigny-godbrange.fr\/index.php\/wp-json\/wp\/v2\/types\/page"}],"author":[{"embeddable":true,"href":"https:\/\/oms-hussigny-godbrange.fr\/index.php\/wp-json\/wp\/v2\/users\/1"}],"replies":[{"embeddable":true,"href":"https:\/\/oms-hussigny-godbrange.fr\/index.php\/wp-json\/wp\/v2\/comments?post=86"}],"version-history":[{"count":41,"href":"https:\/\/oms-hussigny-godbrange.fr\/index.php\/wp-json\/wp\/v2\/pages\/86\/revisions"}],"predecessor-version":[{"id":1347,"href":"https:\/\/oms-hussigny-godbrange.fr\/index.php\/wp-json\/wp\/v2\/pages\/86\/revisions\/1347"}],"wp:attachment":[{"href":"https:\/\/oms-hussigny-godbrange.fr\/index.php\/wp-json\/wp\/v2\/media?parent=86"}],"curies":[{"name":"wp","href":"https:\/\/api.w.org\/{rel}","templated":true}]}}